{"id":795,"date":"2026-01-29T18:51:01","date_gmt":"2026-01-29T23:51:01","guid":{"rendered":"https:\/\/www.crowngranite.ca\/?page_id=795"},"modified":"2026-01-29T19:10:07","modified_gmt":"2026-01-30T00:10:07","slug":"about-us","status":"publish","type":"page","link":"https:\/\/www.crowngranite.ca\/fr\/about-us\/","title":{"rendered":"About Us"},"content":{"rendered":"<div data-elementor-type=\"wp-page\" data-elementor-id=\"795\" class=\"elementor elementor-795\" data-elementor-post-type=\"page\">\n\t\t\t\t<div class=\"elementor-element elementor-element-7b34464 e-con-full e-flex e-con e-parent\" data-id=\"7b34464\" data-element_type=\"container\" data-e-type=\"container\" data-settings=\"{&quot;background_background&quot;:&quot;classic&quot;}\">\n\t\t<div class=\"elementor-element elementor-element-7e31b85 e-con-full e-flex elementor-invisible e-con e-child\" data-id=\"7e31b85\" data-element_type=\"container\" data-e-type=\"container\" data-settings=\"{&quot;background_background&quot;:&quot;classic&quot;,&quot;animation&quot;:&quot;slideInRight&quot;}\">\n\t\t\t\t<\/div>\n\t\t<div class=\"elementor-element elementor-element-967db3b e-con-full e-flex e-con e-child\" data-id=\"967db3b\" data-element_type=\"container\" data-e-type=\"container\">\n\t\t<div class=\"elementor-element elementor-element-72069e7 e-con-full e-flex e-con e-child\" data-id=\"72069e7\" data-element_type=\"container\" data-e-type=\"container\">\n\t\t\t\t<div class=\"elementor-element elementor-element-9611ee7 elementor-invisible elementor-widget elementor-widget-heading\" data-id=\"9611ee7\" data-element_type=\"widget\" data-e-type=\"widget\" data-settings=\"{&quot;_animation&quot;:&quot;fadeIn&quot;}\" data-widget_type=\"heading.default\">\n\t\t\t\t\t<h1 class=\"elementor-heading-title elementor-size-default\">About Us<\/h1>\t\t\t\t<\/div>\n\t\t\t\t<div class=\"elementor-element elementor-element-466f2dc elementor-widget elementor-widget-heading\" data-id=\"466f2dc\" data-element_type=\"widget\" data-e-type=\"widget\" data-widget_type=\"heading.default\">\n\t\t\t\t\t<h2 class=\"elementor-heading-title elementor-size-default\">Quality Countertop Stones &amp; Exceptional Service<\/h2>\t\t\t\t<\/div>\n\t\t\t\t<\/div>\n\t\t\t\t<\/div>\n\t\t\t\t<\/div>\n\t\t<div class=\"elementor-element elementor-element-6c0641f e-flex e-con-boxed e-con e-parent\" data-id=\"6c0641f\" data-element_type=\"container\" data-e-type=\"container\">\n\t\t\t\t\t<div class=\"e-con-inner\">\n\t\t<div class=\"elementor-element elementor-element-93d433a e-con-full e-flex e-con e-child\" data-id=\"93d433a\" data-element_type=\"container\" data-e-type=\"container\">\n\t\t\t\t<div class=\"elementor-element elementor-element-b8897ed elementor-invisible elementor-widget elementor-widget-heading\" data-id=\"b8897ed\" data-element_type=\"widget\" data-e-type=\"widget\" data-settings=\"{&quot;_animation&quot;:&quot;fadeInRight&quot;}\" data-widget_type=\"heading.default\">\n\t\t\t\t\t<h2 class=\"elementor-heading-title elementor-size-default\">Who is Crown Granite?<\/h2>\t\t\t\t<\/div>\n\t\t\t\t<\/div>\n\t\t<div class=\"elementor-element elementor-element-938ddbe e-con-full e-flex e-con e-child\" data-id=\"938ddbe\" data-element_type=\"container\" data-e-type=\"container\">\n\t\t\t\t<div class=\"elementor-element elementor-element-2fd506c elementor-widget elementor-widget-text-editor\" data-id=\"2fd506c\" data-element_type=\"widget\" data-e-type=\"widget\" data-widget_type=\"text-editor.default\">\n\t\t\t\t\t\t\t\t\t<p data-start=\"195\" data-end=\"453\"><strong data-start=\"195\" data-end=\"217\">Crown Granite Inc.<\/strong> is a stone fabrication and installation company based in <strong data-start=\"275\" data-end=\"287\">Montreal<\/strong>, serving homeowners, contractors, and designers for <strong data-start=\"340\" data-end=\"357\">over 20 years<\/strong>. We focus on delivering reliable service, quality workmanship, and efficient project timelines.<\/p><p data-start=\"455\" data-end=\"736\">We supply and install a wide range of stone surfaces, including <strong data-start=\"519\" data-end=\"569\">Quartz, Granite, Marble, Dekton, and Porcelain<\/strong>. Our team handles both residential and commercial projects, providing accurate fabrication and professional installation for kitchens, bathrooms, and interior spaces.<\/p>\t\t\t\t\t\t\t\t<\/div>\n\t\t\t\t<\/div>\n\t\t\t\t\t<\/div>\n\t\t\t\t<\/div>\n\t\t<div class=\"elementor-element elementor-element-14979ce e-flex e-con-boxed e-con e-parent\" data-id=\"14979ce\" data-element_type=\"container\" data-e-type=\"container\" data-settings=\"{&quot;background_background&quot;:&quot;classic&quot;}\">\n\t\t\t\t\t<div class=\"e-con-inner\">\n\t\t\t\t<div class=\"elementor-element elementor-element-3518430 elementor-invisible elementor-widget elementor-widget-heading\" data-id=\"3518430\" data-element_type=\"widget\" data-e-type=\"widget\" data-settings=\"{&quot;_animation&quot;:&quot;fadeIn&quot;}\" data-widget_type=\"heading.default\">\n\t\t\t\t\t<h2 class=\"elementor-heading-title elementor-size-default\">Pourquoi nous choisir ?<\/h2>\t\t\t\t<\/div>\n\t\t\t\t<div class=\"elementor-element elementor-element-ac1ae4f elementor-widget-divider--view-line elementor-widget elementor-widget-divider\" data-id=\"ac1ae4f\" data-element_type=\"widget\" data-e-type=\"widget\" data-widget_type=\"divider.default\">\n\t\t\t\t\t\t\t<div class=\"elementor-divider\">\n\t\t\t<span class=\"elementor-divider-separator\">\n\t\t\t\t\t\t<\/span>\n\t\t<\/div>\n\t\t\t\t\t\t<\/div>\n\t\t<div class=\"elementor-element elementor-element-3491817 e-con-full e-grid e-con e-child\" data-id=\"3491817\" data-element_type=\"container\" data-e-type=\"container\">\n\t\t\t\t<div class=\"elementor-element elementor-element-54c11b7 elementor-view-default elementor-position-block-start elementor-mobile-position-block-start elementor-widget elementor-widget-icon-box\" data-id=\"54c11b7\" data-element_type=\"widget\" data-e-type=\"widget\" data-widget_type=\"icon-box.default\">\n\t\t\t\t\t\t\t<div class=\"elementor-icon-box-wrapper\">\n\n\t\t\t\t\t\t<div class=\"elementor-icon-box-icon\">\n\t\t\t\t<span  class=\"elementor-icon\">\n\t\t\t\t<svg xmlns=\"http:\/\/www.w3.org\/2000\/svg\" fill=\"#000000\" width=\"800px\" height=\"800px\" viewbox=\"0 0 1920 1920\"><path d=\"m960 15 266.667 241.92 359.893-13.867 48.747 356.907L1920 820.547l-192 304.64 76.267 352.106-342.934 109.867-167.893 318.613L960 1769.56l-333.44 136.213-167.893-318.613-342.934-109.867L192 1125.187 0 820.547 284.693 599.96l48.747-356.907 359.893 13.867L960 15Zm0 144L764.907 335.96l-32.214 29.227-43.52-1.6-263.253-10.134-35.627 260.907-5.866 43.2-34.454 26.56-208.106 161.387L282.24 1068.44l23.253 36.693-9.28 42.667-55.68 257.387 250.774 80.426 41.493 13.334 20.373 38.506 122.667 232.96 243.84-99.52L960 1654.36l40.32 16.533 243.84 99.52 122.773-232.96 20.267-38.506 41.493-13.334 250.774-80.426-55.68-257.387-9.28-42.667 23.253-36.693 140.48-222.933-208.213-161.387-34.454-26.56-5.866-43.2-35.734-260.907-263.04 10.134-43.626 1.6-32.214-29.227L960 159Zm341.056 613.483 64.533 85.013-561.6 426.24-255.04-255.04 75.414-75.413 189.226 189.226 487.467-370.026Z\" fill-rule=\"evenodd\"><\/path><\/svg>\t\t\t\t<\/span>\n\t\t\t<\/div>\n\t\t\t\n\t\t\t\t\t\t<div class=\"elementor-icon-box-content\">\n\n\t\t\t\t\t\t\t\t\t<div class=\"elementor-icon-box-title\">\n\t\t\t\t\t\t<span  >\n\t\t\t\t\t\t\tGarantie de 25 ans\t\t\t\t\t\t<\/span>\n\t\t\t\t\t<\/div>\n\t\t\t\t\n\t\t\t\t\t\t\t\t\t<p class=\"elementor-icon-box-description\">\n\t\t\t\t\t\tNos garanties, allant de 25 ans \u00e0 vie, refl\u00e8tent notre confiance dans la durabilit\u00e9 de nos produits haut de gamme.\t\t\t\t\t<\/p>\n\t\t\t\t\n\t\t\t<\/div>\n\t\t\t\n\t\t<\/div>\n\t\t\t\t\t\t<\/div>\n\t\t\t\t<div class=\"elementor-element elementor-element-7942a09 elementor-view-default elementor-position-block-start elementor-mobile-position-block-start elementor-widget elementor-widget-icon-box\" data-id=\"7942a09\" data-element_type=\"widget\" data-e-type=\"widget\" data-widget_type=\"icon-box.default\">\n\t\t\t\t\t\t\t<div class=\"elementor-icon-box-wrapper\">\n\n\t\t\t\t\t\t<div class=\"elementor-icon-box-icon\">\n\t\t\t\t<span  class=\"elementor-icon\">\n\t\t\t\t<svg xmlns=\"http:\/\/www.w3.org\/2000\/svg\" width=\"800px\" height=\"800px\" viewbox=\"0 0 24 24\" fill=\"none\"><path d=\"M3.17157 20.8284C4.34315 22 6.22876 22 10 22H14C17.7712 22 19.6569 22 20.8284 20.8284C22 19.6569 22 17.7712 22 14C22 12.8302 22 11.8419 21.965 11M20.8284 7.17157C19.6569 6 17.7712 6 14 6H10C6.22876 6 4.34315 6 3.17157 7.17157C2 8.34315 2 10.2288 2 14C2 15.1698 2 16.1581 2.03496 17\" stroke=\"#1C274C\" stroke-width=\"1.5\" stroke-linecap=\"round\"><\/path><path d=\"M12 2C13.8856 2 14.8284 2 15.4142 2.58579C16 3.17157 16 4.11438 16 6M8.58579 2.58579C8 3.17157 8 4.11438 8 6\" stroke=\"#1C274C\" stroke-width=\"1.5\" stroke-linecap=\"round\"><\/path><path d=\"M12 17.3333C13.1046 17.3333 14 16.5871 14 15.6667C14 14.7462 13.1046 14 12 14C10.8954 14 10 13.2538 10 12.3333C10 11.4129 10.8954 10.6667 12 10.6667M12 17.3333C10.8954 17.3333 10 16.5871 10 15.6667M12 17.3333V18M12 10V10.6667M12 10.6667C13.1046 10.6667 14 11.4129 14 12.3333\" stroke=\"#1C274C\" stroke-width=\"1.5\" stroke-linecap=\"round\"><\/path><\/svg>\t\t\t\t<\/span>\n\t\t\t<\/div>\n\t\t\t\n\t\t\t\t\t\t<div class=\"elementor-icon-box-content\">\n\n\t\t\t\t\t\t\t\t\t<h4 class=\"elementor-icon-box-title\">\n\t\t\t\t\t\t<span  >\n\t\t\t\t\t\t\tTarifs abordables\t\t\t\t\t\t<\/span>\n\t\t\t\t\t<\/h4>\n\t\t\t\t\n\t\t\t\t\t\t\t\t\t<p class=\"elementor-icon-box-description\">\n\t\t\t\t\t\tAvec nos prix comp\u00e9titifs, b\u00e9n\u00e9ficiez d\u2019un \u00e9quilibre parfait entre style, qualit\u00e9 et valeur.\t\t\t\t\t<\/p>\n\t\t\t\t\n\t\t\t<\/div>\n\t\t\t\n\t\t<\/div>\n\t\t\t\t\t\t<\/div>\n\t\t\t\t<div class=\"elementor-element elementor-element-7992431 elementor-view-default elementor-position-block-start elementor-mobile-position-block-start elementor-widget elementor-widget-icon-box\" data-id=\"7992431\" data-element_type=\"widget\" data-e-type=\"widget\" data-widget_type=\"icon-box.default\">\n\t\t\t\t\t\t\t<div class=\"elementor-icon-box-wrapper\">\n\n\t\t\t\t\t\t<div class=\"elementor-icon-box-icon\">\n\t\t\t\t<span  class=\"elementor-icon\">\n\t\t\t\t<svg aria-hidden=\"true\" class=\"e-font-icon-svg e-far-gem\" viewbox=\"0 0 576 512\" xmlns=\"http:\/\/www.w3.org\/2000\/svg\"><path d=\"M464 0H112c-4 0-7.8 2-10 5.4L2 152.6c-2.9 4.4-2.6 10.2.7 14.2l276 340.8c4.8 5.9 13.8 5.9 18.6 0l276-340.8c3.3-4.1 3.6-9.8.7-14.2L474.1 5.4C471.8 2 468.1 0 464 0zm-19.3 48l63.3 96h-68.4l-51.7-96h56.8zm-202.1 0h90.7l51.7 96H191l51.6-96zm-111.3 0h56.8l-51.7 96H68l63.3-96zm-43 144h51.4L208 352 88.3 192zm102.9 0h193.6L288 435.3 191.2 192zM368 352l68.2-160h51.4L368 352z\"><\/path><\/svg>\t\t\t\t<\/span>\n\t\t\t<\/div>\n\t\t\t\n\t\t\t\t\t\t<div class=\"elementor-icon-box-content\">\n\n\t\t\t\t\t\t\t\t\t<h4 class=\"elementor-icon-box-title\">\n\t\t\t\t\t\t<span  >\n\t\t\t\t\t\t\tProfessionnels et exp\u00e9riment\u00e9s\t\t\t\t\t\t<\/span>\n\t\t\t\t\t<\/h4>\n\t\t\t\t\n\t\t\t\t\t\t\t\t\t<p class=\"elementor-icon-box-description\">\n\t\t\t\t\t\tNos experts livrent des r\u00e9sultats irr\u00e9prochables, appuy\u00e9s par des ann\u00e9es d\u2019exp\u00e9rience et d\u2019expertise. Faites confiance \u00e0 un savoir-faire reconnu dans l\u2019industrie.\t\t\t\t\t<\/p>\n\t\t\t\t\n\t\t\t<\/div>\n\t\t\t\n\t\t<\/div>\n\t\t\t\t\t\t<\/div>\n\t\t\t\t<div class=\"elementor-element elementor-element-7c195ee elementor-view-default elementor-position-block-start elementor-mobile-position-block-start elementor-widget elementor-widget-icon-box\" data-id=\"7c195ee\" data-element_type=\"widget\" data-e-type=\"widget\" data-widget_type=\"icon-box.default\">\n\t\t\t\t\t\t\t<div class=\"elementor-icon-box-wrapper\">\n\n\t\t\t\t\t\t<div class=\"elementor-icon-box-icon\">\n\t\t\t\t<span  class=\"elementor-icon\">\n\t\t\t\t<svg xmlns=\"http:\/\/www.w3.org\/2000\/svg\" xmlns:xlink=\"http:\/\/www.w3.org\/1999\/xlink\" width=\"800px\" height=\"800px\" viewbox=\"0 0 32 32\" xml:space=\"preserve\"><g id=\"Layer_1\"><\/g><g id=\"Layer_2\"><g><line fill=\"none\" stroke=\"#000000\" stroke-linecap=\"round\" stroke-linejoin=\"round\" stroke-miterlimit=\"10\" stroke-width=\"2\" x1=\"16\" x2=\"16\" y1=\"10\" y2=\"12\"><\/line><line fill=\"none\" stroke=\"#000000\" stroke-linecap=\"round\" stroke-linejoin=\"round\" stroke-miterlimit=\"10\" stroke-width=\"2\" x1=\"16\" x2=\"16\" y1=\"20\" y2=\"22\"><\/line><path d=\"    M14,20h3c1.1,0,2-0.9,2-2s-0.9-2-2-2h-2c-1.1,0-2-0.9-2-2s0.9-2,2-2h3\" fill=\"none\" stroke=\"#000000\" stroke-linecap=\"round\" stroke-linejoin=\"round\" stroke-miterlimit=\"10\" stroke-width=\"2\"><\/path><path d=\"    M16,6c5.5,0,10,4.5,10,10s-4.5,10-10,10S6,21.5,6,16v-3\" fill=\"none\" stroke=\"#000000\" stroke-linecap=\"round\" stroke-linejoin=\"round\" stroke-miterlimit=\"10\" stroke-width=\"2\"><\/path><polyline fill=\"none\" points=\"    10,17 6,13 2,17   \" stroke=\"#000000\" stroke-linecap=\"round\" stroke-linejoin=\"round\" stroke-miterlimit=\"10\" stroke-width=\"2\"><\/polyline><path d=\"    M16,2c7.7,0,14,6.3,14,14s-6.3,14-14,14\" fill=\"none\" stroke=\"#000000\" stroke-linecap=\"round\" stroke-linejoin=\"round\" stroke-miterlimit=\"10\" stroke-width=\"2\"><\/path><\/g><\/g><\/svg>\t\t\t\t<\/span>\n\t\t\t<\/div>\n\t\t\t\n\t\t\t\t\t\t<div class=\"elementor-icon-box-content\">\n\n\t\t\t\t\t\t\t\t\t<h4 class=\"elementor-icon-box-title\">\n\t\t\t\t\t\t<span  >\n\t\t\t\t\t\t\tInstallation en 7 jours\t\t\t\t\t\t<\/span>\n\t\t\t\t\t<\/h4>\n\t\t\t\t\n\t\t\t\t\t\t\t\t\t<p class=\"elementor-icon-box-description\">\n\t\t\t\t\t\tTransformez votre espace en 7 jours gr\u00e2ce \u00e0 notre service d\u2019installation de comptoirs de cuisine et de vanit\u00e9s.\t\t\t\t\t<\/p>\n\t\t\t\t\n\t\t\t<\/div>\n\t\t\t\n\t\t<\/div>\n\t\t\t\t\t\t<\/div>\n\t\t\t\t<\/div>\n\t\t\t\t<div class=\"elementor-element elementor-element-e8bba44 elementor-align-center elementor-widget elementor-widget-button\" data-id=\"e8bba44\" data-element_type=\"widget\" data-e-type=\"widget\" data-widget_type=\"button.default\">\n\t\t\t\t\t\t\t\t\t\t<a class=\"elementor-button elementor-button-link elementor-size-sm\" href=\"https:\/\/www.crowngranite.ca\/fr\/get-countertop-quote\/\">\n\t\t\t\t\t\t<span class=\"elementor-button-content-wrapper\">\n\t\t\t\t\t\t\t\t\t<span class=\"elementor-button-text\">Commencer votre projet<\/span>\n\t\t\t\t\t<\/span>\n\t\t\t\t\t<\/a>\n\t\t\t\t\t\t\t\t<\/div>\n\t\t\t\t\t<\/div>\n\t\t\t\t<\/div>\n\t\t\t\t<\/div>","protected":false},"excerpt":{"rendered":"<p>About Us Quality Countertop Stones &amp; Exceptional Service Who is Crown Granite? Crown Granite Inc. is a stone fabrication and installation company based in Montreal, serving homeowners, contractors, and designers for over 20 years. We focus on delivering reliable service, quality workmanship, and efficient project timelines. We supply and install a wide range of stone [&hellip;]<\/p>\n","protected":false},"author":1,"featured_media":0,"parent":0,"menu_order":0,"comment_status":"closed","ping_status":"closed","template":"","meta":{"_acf_changed":false,"footnotes":""},"class_list":["post-795","page","type-page","status-publish","hentry"],"acf":[],"_links":{"self":[{"href":"https:\/\/www.crowngranite.ca\/fr\/wp-json\/wp\/v2\/pages\/795","targetHints":{"allow":["GET"]}}],"collection":[{"href":"https:\/\/www.crowngranite.ca\/fr\/wp-json\/wp\/v2\/pages"}],"about":[{"href":"https:\/\/www.crowngranite.ca\/fr\/wp-json\/wp\/v2\/types\/page"}],"author":[{"embeddable":true,"href":"https:\/\/www.crowngranite.ca\/fr\/wp-json\/wp\/v2\/users\/1"}],"replies":[{"embeddable":true,"href":"https:\/\/www.crowngranite.ca\/fr\/wp-json\/wp\/v2\/comments?post=795"}],"version-history":[{"count":5,"href":"https:\/\/www.crowngranite.ca\/fr\/wp-json\/wp\/v2\/pages\/795\/revisions"}],"predecessor-version":[{"id":810,"href":"https:\/\/www.crowngranite.ca\/fr\/wp-json\/wp\/v2\/pages\/795\/revisions\/810"}],"wp:attachment":[{"href":"https:\/\/www.crowngranite.ca\/fr\/wp-json\/wp\/v2\/media?parent=795"}],"curies":[{"name":"wp","href":"https:\/\/api.w.org\/{rel}","templated":true}]}}